{"id":2961,"date":"2022-11-30T08:00:00","date_gmt":"2022-11-21T19:01:00","guid":{"rendered":"https:\/\/ranbo.ca\/?post_type=product&#038;p=2961"},"modified":"2022-11-30T09:53:38","modified_gmt":"2022-11-30T13:53:38","slug":"linox-lounge-copie","status":"publish","type":"product","link":"https:\/\/ranbo.ca\/en\/produit\/linox-lounge-copie\/","title":{"rendered":"Atelier d\u2019\u00c0 C\u00f4t\u00e9"},"content":{"rendered":"<p><strong>ABOUT THE OFFER<\/strong><\/p>\n<p>One (1) <strong>$30 <\/strong>electronic gift certificate exchangeable at <strong>Atelier d&#8217;\u00e0 c\u00f4t\u00e9<\/strong>. *One coupon per transaction and one-time use coupon*. <em>Paper or digital copies on smart devices accepted.<\/em><\/p>\n<p><!--more--><\/p>\n<p>&nbsp;<\/p>\n<p><strong>ABOUT THE COMPANY<\/strong><\/p>\n<p>L&#8217;Atelier d&#8217;\u00e0 C\u00f4t\u00e9 is a gift store that features home decor, kitchen items, hair accessories, eco-friendly biodegradable products, a selection of children&#8217;s items and products from local artists!<\/p>\n<p>Located in the heart of downtown Edmundston, L&#8217;Atelier d&#8217;\u00e0 C\u00f4t\u00e9 distinguishes itself by its Annie Sloan chalk painting, its artistic materials and its unique furniture transformations.<\/p>\n<p>&nbsp;<\/p>\n<p><strong>ADDRESS<\/strong><\/p>\n<p>69 Chemin Canada<br \/>\nEdmundston, NB<br \/>\nE3V 1V4<\/p>\n<p>&nbsp;<\/p>\n<p><strong>PHONE<\/strong><\/p>\n<p>(506) 353-3200<\/p>\n<p>&nbsp;<\/p>\n<p><strong>FACEBOOK<\/strong><\/p>\n<p><a href=\"https:\/\/www.facebook.com\/atelierdacote.atmosphere\" target=\"_blank\" rel=\"noopener\">https:\/\/www.facebook.com\/atelierdacote.atmosphere<\/a><\/p>\n<p>&nbsp;<\/p>\n<p><strong>INSTAGRAM<\/strong><\/p>\n<p><a href=\"https:\/\/www.instagram.com\/atelierdacote.atmosphere\/\" target=\"_blank\" rel=\"noopener\">https:\/\/www.instagram.com\/atelierdacote.atmosphere\/<\/a><\/p>\n<p>&nbsp;<\/p>\n","protected":false},"excerpt":{"rendered":"<p>One (1) $30 electronic gift certificate exchangeable at Atelier d&#8217;\u00e0 c\u00f4t\u00e9. *One coupon per transaction and one-time use coupon*. Paper or digital copies on smart devices accepted.<\/p>\n","protected":false},"featured_media":2975,"template":"","meta":{"_custom_body_class":"","_custom_post_class":"","om_disable_all_campaigns":false,"_monsterinsights_skip_tracking":false,"_monsterinsights_sitenote_active":false,"_monsterinsights_sitenote_note":"","_monsterinsights_sitenote_category":0,"_uf_show_specific_survey":0,"_uf_disable_surveys":false},"location":[68],"product_brand":[],"product_cat":[33,34],"product_tag":[155,213],"class_list":{"0":"post-2961","1":"product","2":"type-product","3":"status-publish","4":"has-post-thumbnail","6":"location-madawaska-victoria","7":"product_cat-frontiere-fm-en","8":"product_cat-product-and-services-fm-en","9":"product_tag-edmundston-en","10":"product_tag-gift","12":"first","13":"instock","14":"virtual","15":"purchasable","16":"product-type-simple"},"aioseo_notices":[],"yoast_head":"<!-- This site is optimized with the Yoast SEO plugin v27.3 - https:\/\/yoast.com\/product\/yoast-seo-wordpress\/ -->\n<title>Atelier d\u2019\u00c0 C\u00f4t\u00e9 - Ranbo<\/title>\n<meta name=\"robots\" content=\"index, follow, max-snippet:-1, max-image-preview:large, max-video-preview:-1\" \/>\n<link rel=\"canonical\" href=\"https:\/\/ranbo.ca\/produit\/atelier-da-cote\/\" \/>\n<meta property=\"og:locale\" content=\"en_US\" \/>\n<meta property=\"og:type\" content=\"article\" \/>\n<meta property=\"og:title\" content=\"Atelier d\u2019\u00c0 C\u00f4t\u00e9 - Ranbo\" \/>\n<meta property=\"og:description\" content=\"One (1) $30 electronic gift certificate exchangeable at Atelier d&#039;\u00e0 c\u00f4t\u00e9. *One coupon per transaction and one-time use coupon*. Paper or digital copies on smart devices accepted.\" \/>\n<meta property=\"og:url\" content=\"https:\/\/ranbo.ca\/produit\/atelier-da-cote\/\" \/>\n<meta property=\"og:site_name\" content=\"Ranbo\" \/>\n<meta property=\"article:modified_time\" content=\"2022-11-30T13:53:38+00:00\" \/>\n<meta property=\"og:image\" content=\"https:\/\/ranbo.ca\/wp-content\/uploads\/2022\/11\/photo8_1055x775.jpg\" \/>\n\t<meta property=\"og:image:width\" content=\"1055\" \/>\n\t<meta property=\"og:image:height\" content=\"775\" \/>\n\t<meta property=\"og:image:type\" content=\"image\/jpeg\" \/>\n<meta name=\"twitter:card\" content=\"summary_large_image\" \/>\n<meta name=\"twitter:label1\" content=\"Est. reading time\" \/>\n\t<meta name=\"twitter:data1\" content=\"1 minute\" \/>\n<script type=\"application\/ld+json\" class=\"yoast-schema-graph\">{\"@context\":\"https:\\\/\\\/schema.org\",\"@graph\":[{\"@type\":\"WebPage\",\"@id\":\"https:\\\/\\\/ranbo.ca\\\/produit\\\/atelier-da-cote\\\/\",\"url\":\"https:\\\/\\\/ranbo.ca\\\/produit\\\/atelier-da-cote\\\/\",\"name\":\"Atelier d\u2019\u00c0 C\u00f4t\u00e9 - Ranbo\",\"isPartOf\":{\"@id\":\"https:\\\/\\\/ranbo.ca\\\/#website\"},\"primaryImageOfPage\":{\"@id\":\"https:\\\/\\\/ranbo.ca\\\/produit\\\/atelier-da-cote\\\/#primaryimage\"},\"image\":{\"@id\":\"https:\\\/\\\/ranbo.ca\\\/produit\\\/atelier-da-cote\\\/#primaryimage\"},\"thumbnailUrl\":\"https:\\\/\\\/ranbo.ca\\\/wp-content\\\/uploads\\\/2022\\\/11\\\/photo8_1055x775.jpg\",\"datePublished\":\"2022-11-21T19:01:00+00:00\",\"dateModified\":\"2022-11-30T13:53:38+00:00\",\"breadcrumb\":{\"@id\":\"https:\\\/\\\/ranbo.ca\\\/produit\\\/atelier-da-cote\\\/#breadcrumb\"},\"inLanguage\":\"en-US\",\"potentialAction\":[{\"@type\":\"ReadAction\",\"target\":[\"https:\\\/\\\/ranbo.ca\\\/produit\\\/atelier-da-cote\\\/\"]}]},{\"@type\":\"ImageObject\",\"inLanguage\":\"en-US\",\"@id\":\"https:\\\/\\\/ranbo.ca\\\/produit\\\/atelier-da-cote\\\/#primaryimage\",\"url\":\"https:\\\/\\\/ranbo.ca\\\/wp-content\\\/uploads\\\/2022\\\/11\\\/photo8_1055x775.jpg\",\"contentUrl\":\"https:\\\/\\\/ranbo.ca\\\/wp-content\\\/uploads\\\/2022\\\/11\\\/photo8_1055x775.jpg\",\"width\":1055,\"height\":775},{\"@type\":\"BreadcrumbList\",\"@id\":\"https:\\\/\\\/ranbo.ca\\\/produit\\\/atelier-da-cote\\\/#breadcrumb\",\"itemListElement\":[{\"@type\":\"ListItem\",\"position\":1,\"name\":\"Home\",\"item\":\"https:\\\/\\\/ranbo.ca\\\/en\\\/\"},{\"@type\":\"ListItem\",\"position\":2,\"name\":\"Shop\",\"item\":\"https:\\\/\\\/ranbo.ca\\\/en\\\/shop\\\/\"},{\"@type\":\"ListItem\",\"position\":3,\"name\":\"Atelier d\u2019\u00c0 C\u00f4t\u00e9\"}]},{\"@type\":\"WebSite\",\"@id\":\"https:\\\/\\\/ranbo.ca\\\/#website\",\"url\":\"https:\\\/\\\/ranbo.ca\\\/\",\"name\":\"Ranbo\",\"description\":\"\",\"publisher\":{\"@id\":\"https:\\\/\\\/ranbo.ca\\\/#organization\"},\"potentialAction\":[{\"@type\":\"SearchAction\",\"target\":{\"@type\":\"EntryPoint\",\"urlTemplate\":\"https:\\\/\\\/ranbo.ca\\\/?s={search_term_string}\"},\"query-input\":{\"@type\":\"PropertyValueSpecification\",\"valueRequired\":true,\"valueName\":\"search_term_string\"}}],\"inLanguage\":\"en-US\"},{\"@type\":\"Organization\",\"@id\":\"https:\\\/\\\/ranbo.ca\\\/#organization\",\"name\":\"Ranbo\",\"url\":\"https:\\\/\\\/ranbo.ca\\\/\",\"logo\":{\"@type\":\"ImageObject\",\"inLanguage\":\"en-US\",\"@id\":\"https:\\\/\\\/ranbo.ca\\\/#\\\/schema\\\/logo\\\/image\\\/\",\"url\":\"https:\\\/\\\/ranbo.ca\\\/wp-content\\\/uploads\\\/2020\\\/03\\\/logo_ranbo_blanc_h40px.png\",\"contentUrl\":\"https:\\\/\\\/ranbo.ca\\\/wp-content\\\/uploads\\\/2020\\\/03\\\/logo_ranbo_blanc_h40px.png\",\"width\":136,\"height\":40,\"caption\":\"Ranbo\"},\"image\":{\"@id\":\"https:\\\/\\\/ranbo.ca\\\/#\\\/schema\\\/logo\\\/image\\\/\"}}]}<\/script>\n<!-- \/ Yoast SEO plugin. -->","yoast_head_json":{"title":"Atelier d\u2019\u00c0 C\u00f4t\u00e9 - Ranbo","robots":{"index":"index","follow":"follow","max-snippet":"max-snippet:-1","max-image-preview":"max-image-preview:large","max-video-preview":"max-video-preview:-1"},"canonical":"https:\/\/ranbo.ca\/produit\/atelier-da-cote\/","og_locale":"en_US","og_type":"article","og_title":"Atelier d\u2019\u00c0 C\u00f4t\u00e9 - Ranbo","og_description":"One (1) $30 electronic gift certificate exchangeable at Atelier d'\u00e0 c\u00f4t\u00e9. *One coupon per transaction and one-time use coupon*. Paper or digital copies on smart devices accepted.","og_url":"https:\/\/ranbo.ca\/produit\/atelier-da-cote\/","og_site_name":"Ranbo","article_modified_time":"2022-11-30T13:53:38+00:00","og_image":[{"width":1055,"height":775,"url":"https:\/\/ranbo.ca\/wp-content\/uploads\/2022\/11\/photo8_1055x775.jpg","type":"image\/jpeg"}],"twitter_card":"summary_large_image","twitter_misc":{"Est. reading time":"1 minute"},"schema":{"@context":"https:\/\/schema.org","@graph":[{"@type":"WebPage","@id":"https:\/\/ranbo.ca\/produit\/atelier-da-cote\/","url":"https:\/\/ranbo.ca\/produit\/atelier-da-cote\/","name":"Atelier d\u2019\u00c0 C\u00f4t\u00e9 - Ranbo","isPartOf":{"@id":"https:\/\/ranbo.ca\/#website"},"primaryImageOfPage":{"@id":"https:\/\/ranbo.ca\/produit\/atelier-da-cote\/#primaryimage"},"image":{"@id":"https:\/\/ranbo.ca\/produit\/atelier-da-cote\/#primaryimage"},"thumbnailUrl":"https:\/\/ranbo.ca\/wp-content\/uploads\/2022\/11\/photo8_1055x775.jpg","datePublished":"2022-11-21T19:01:00+00:00","dateModified":"2022-11-30T13:53:38+00:00","breadcrumb":{"@id":"https:\/\/ranbo.ca\/produit\/atelier-da-cote\/#breadcrumb"},"inLanguage":"en-US","potentialAction":[{"@type":"ReadAction","target":["https:\/\/ranbo.ca\/produit\/atelier-da-cote\/"]}]},{"@type":"ImageObject","inLanguage":"en-US","@id":"https:\/\/ranbo.ca\/produit\/atelier-da-cote\/#primaryimage","url":"https:\/\/ranbo.ca\/wp-content\/uploads\/2022\/11\/photo8_1055x775.jpg","contentUrl":"https:\/\/ranbo.ca\/wp-content\/uploads\/2022\/11\/photo8_1055x775.jpg","width":1055,"height":775},{"@type":"BreadcrumbList","@id":"https:\/\/ranbo.ca\/produit\/atelier-da-cote\/#breadcrumb","itemListElement":[{"@type":"ListItem","position":1,"name":"Home","item":"https:\/\/ranbo.ca\/en\/"},{"@type":"ListItem","position":2,"name":"Shop","item":"https:\/\/ranbo.ca\/en\/shop\/"},{"@type":"ListItem","position":3,"name":"Atelier d\u2019\u00c0 C\u00f4t\u00e9"}]},{"@type":"WebSite","@id":"https:\/\/ranbo.ca\/#website","url":"https:\/\/ranbo.ca\/","name":"Ranbo","description":"","publisher":{"@id":"https:\/\/ranbo.ca\/#organization"},"potentialAction":[{"@type":"SearchAction","target":{"@type":"EntryPoint","urlTemplate":"https:\/\/ranbo.ca\/?s={search_term_string}"},"query-input":{"@type":"PropertyValueSpecification","valueRequired":true,"valueName":"search_term_string"}}],"inLanguage":"en-US"},{"@type":"Organization","@id":"https:\/\/ranbo.ca\/#organization","name":"Ranbo","url":"https:\/\/ranbo.ca\/","logo":{"@type":"ImageObject","inLanguage":"en-US","@id":"https:\/\/ranbo.ca\/#\/schema\/logo\/image\/","url":"https:\/\/ranbo.ca\/wp-content\/uploads\/2020\/03\/logo_ranbo_blanc_h40px.png","contentUrl":"https:\/\/ranbo.ca\/wp-content\/uploads\/2020\/03\/logo_ranbo_blanc_h40px.png","width":136,"height":40,"caption":"Ranbo"},"image":{"@id":"https:\/\/ranbo.ca\/#\/schema\/logo\/image\/"}}]}},"_links":{"self":[{"href":"https:\/\/ranbo.ca\/en\/wp-json\/wp\/v2\/product\/2961","targetHints":{"allow":["GET"]}}],"collection":[{"href":"https:\/\/ranbo.ca\/en\/wp-json\/wp\/v2\/product"}],"about":[{"href":"https:\/\/ranbo.ca\/en\/wp-json\/wp\/v2\/types\/product"}],"wp:featuredmedia":[{"embeddable":true,"href":"https:\/\/ranbo.ca\/en\/wp-json\/wp\/v2\/media\/2975"}],"wp:attachment":[{"href":"https:\/\/ranbo.ca\/en\/wp-json\/wp\/v2\/media?parent=2961"}],"wp:term":[{"taxonomy":"location","embeddable":true,"href":"https:\/\/ranbo.ca\/en\/wp-json\/wp\/v2\/location?post=2961"},{"taxonomy":"product_brand","embeddable":true,"href":"https:\/\/ranbo.ca\/en\/wp-json\/wp\/v2\/product_brand?post=2961"},{"taxonomy":"product_cat","embeddable":true,"href":"https:\/\/ranbo.ca\/en\/wp-json\/wp\/v2\/product_cat?post=2961"},{"taxonomy":"product_tag","embeddable":true,"href":"https:\/\/ranbo.ca\/en\/wp-json\/wp\/v2\/product_tag?post=2961"}],"curies":[{"name":"wp","href":"https:\/\/api.w.org\/{rel}","templated":true}]}}